{"id":7,"date":"2020-11-20T18:48:00","date_gmt":"2020-11-20T17:48:00","guid":{"rendered":"http:\/\/lopes-stconstruction.com\/?page_id=7"},"modified":"2020-11-20T18:48:00","modified_gmt":"2020-11-20T17:48:00","slug":"a-propos-de","status":"publish","type":"page","link":"https:\/\/lopes-stconstruction.com\/index.php\/a-propos-de\/","title":{"rendered":"\u00c0 propos de"},"content":{"rendered":"\n<p>Vous pourriez \u00eatre un artiste et vouloir pr\u00e9senter vos travaux et vous m\u00eame ou encore \u00eatre une entreprise avec une mission \u00e0 promouvoir.<\/p>\n","protected":false},"excerpt":{"rendered":"<p>Vous pourriez \u00eatre un artiste et vouloir pr\u00e9senter vos travaux et vous m\u00eame ou encore \u00eatre une entreprise avec une mission \u00e0 promouvoir.<\/p>\n","protected":false},"author":1,"featured_media":0,"parent":0,"menu_order":0,"comment_status":"closed","ping_status":"closed","template":"","meta":{"site-sidebar-layout":"default","site-content-layout":"default","ast-main-header-display":"","ast-hfb-above-header-display":"","ast-hfb-below-header-display":"","ast-hfb-mobile-header-display":"","site-post-title":"","ast-breadcrumbs-content":"","ast-featured-img":"","footer-sml-layout":"","theme-transparent-header-meta":"","adv-header-id-meta":"","stick-header-meta":"","header-above-stick-meta":"","header-main-stick-meta":"","header-below-stick-meta":""},"yoast_head":"<!-- This site is optimized with the Yoast SEO plugin v18.4 - https:\/\/yoast.com\/wordpress\/plugins\/seo\/ -->\n<title>\u00c0 propos de - LOPES ST CONSTRUCTION, l&#039;entreprise \u00e0 l&#039;\u00e9coute de votre projet de construction et r\u00e9novation<\/title>\n<meta name=\"robots\" content=\"index, follow, max-snippet:-1, max-image-preview:large, max-video-preview:-1\" \/>\n<link rel=\"canonical\" href=\"https:\/\/lopes-stconstruction.com\/index.php\/a-propos-de\/\" \/>\n<meta property=\"og:locale\" content=\"fr_FR\" \/>\n<meta property=\"og:type\" content=\"article\" \/>\n<meta property=\"og:title\" content=\"\u00c0 propos de - LOPES ST CONSTRUCTION, l&#039;entreprise \u00e0 l&#039;\u00e9coute de votre projet de construction et r\u00e9novation\" \/>\n<meta property=\"og:description\" content=\"Vous pourriez \u00eatre un artiste et vouloir pr\u00e9senter vos travaux et vous m\u00eame ou encore \u00eatre une entreprise avec une mission \u00e0 promouvoir.\" \/>\n<meta property=\"og:url\" content=\"https:\/\/lopes-stconstruction.com\/index.php\/a-propos-de\/\" \/>\n<meta property=\"og:site_name\" content=\"LOPES ST CONSTRUCTION, l&#039;entreprise \u00e0 l&#039;\u00e9coute de votre projet de construction et r\u00e9novation\" \/>\n<meta name=\"twitter:card\" content=\"summary_large_image\" \/>\n<script type=\"application\/ld+json\" class=\"yoast-schema-graph\">{\"@context\":\"https:\/\/schema.org\",\"@graph\":[{\"@type\":\"WebSite\",\"@id\":\"https:\/\/lopes-stconstruction.com\/#website\",\"url\":\"https:\/\/lopes-stconstruction.com\/\",\"name\":\"LOPES ST CONSTRUCTION, l&#039;entreprise \u00e0 l&#039;\u00e9coute de votre projet de construction et r\u00e9novation\",\"description\":\"Un site utilisant WordPress\",\"potentialAction\":[{\"@type\":\"SearchAction\",\"target\":{\"@type\":\"EntryPoint\",\"urlTemplate\":\"https:\/\/lopes-stconstruction.com\/?s={search_term_string}\"},\"query-input\":\"required name=search_term_string\"}],\"inLanguage\":\"fr-FR\"},{\"@type\":\"WebPage\",\"@id\":\"https:\/\/lopes-stconstruction.com\/index.php\/a-propos-de\/#webpage\",\"url\":\"https:\/\/lopes-stconstruction.com\/index.php\/a-propos-de\/\",\"name\":\"\u00c0 propos de - LOPES ST CONSTRUCTION, l&#039;entreprise \u00e0 l&#039;\u00e9coute de votre projet de construction et r\u00e9novation\",\"isPartOf\":{\"@id\":\"https:\/\/lopes-stconstruction.com\/#website\"},\"datePublished\":\"2020-11-20T17:48:00+00:00\",\"dateModified\":\"2020-11-20T17:48:00+00:00\",\"breadcrumb\":{\"@id\":\"https:\/\/lopes-stconstruction.com\/index.php\/a-propos-de\/#breadcrumb\"},\"inLanguage\":\"fr-FR\",\"potentialAction\":[{\"@type\":\"ReadAction\",\"target\":[\"https:\/\/lopes-stconstruction.com\/index.php\/a-propos-de\/\"]}]},{\"@type\":\"BreadcrumbList\",\"@id\":\"https:\/\/lopes-stconstruction.com\/index.php\/a-propos-de\/#breadcrumb\",\"itemListElement\":[{\"@type\":\"ListItem\",\"position\":1,\"name\":\"Accueil\",\"item\":\"https:\/\/lopes-stconstruction.com\/\"},{\"@type\":\"ListItem\",\"position\":2,\"name\":\"\u00c0 propos de\"}]}]}<\/script>\n<!-- \/ Yoast SEO plugin. -->","yoast_head_json":{"title":"\u00c0 propos de - LOPES ST CONSTRUCTION, l&#039;entreprise \u00e0 l&#039;\u00e9coute de votre projet de construction et r\u00e9novation","robots":{"index":"index","follow":"follow","max-snippet":"max-snippet:-1","max-image-preview":"max-image-preview:large","max-video-preview":"max-video-preview:-1"},"canonical":"https:\/\/lopes-stconstruction.com\/index.php\/a-propos-de\/","og_locale":"fr_FR","og_type":"article","og_title":"\u00c0 propos de - LOPES ST CONSTRUCTION, l&#039;entreprise \u00e0 l&#039;\u00e9coute de votre projet de construction et r\u00e9novation","og_description":"Vous pourriez \u00eatre un artiste et vouloir pr\u00e9senter vos travaux et vous m\u00eame ou encore \u00eatre une entreprise avec une mission \u00e0 promouvoir.","og_url":"https:\/\/lopes-stconstruction.com\/index.php\/a-propos-de\/","og_site_name":"LOPES ST CONSTRUCTION, l&#039;entreprise \u00e0 l&#039;\u00e9coute de votre projet de construction et r\u00e9novation","twitter_card":"summary_large_image","schema":{"@context":"https:\/\/schema.org","@graph":[{"@type":"WebSite","@id":"https:\/\/lopes-stconstruction.com\/#website","url":"https:\/\/lopes-stconstruction.com\/","name":"LOPES ST CONSTRUCTION, l&#039;entreprise \u00e0 l&#039;\u00e9coute de votre projet de construction et r\u00e9novation","description":"Un site utilisant WordPress","potentialAction":[{"@type":"SearchAction","target":{"@type":"EntryPoint","urlTemplate":"https:\/\/lopes-stconstruction.com\/?s={search_term_string}"},"query-input":"required name=search_term_string"}],"inLanguage":"fr-FR"},{"@type":"WebPage","@id":"https:\/\/lopes-stconstruction.com\/index.php\/a-propos-de\/#webpage","url":"https:\/\/lopes-stconstruction.com\/index.php\/a-propos-de\/","name":"\u00c0 propos de - LOPES ST CONSTRUCTION, l&#039;entreprise \u00e0 l&#039;\u00e9coute de votre projet de construction et r\u00e9novation","isPartOf":{"@id":"https:\/\/lopes-stconstruction.com\/#website"},"datePublished":"2020-11-20T17:48:00+00:00","dateModified":"2020-11-20T17:48:00+00:00","breadcrumb":{"@id":"https:\/\/lopes-stconstruction.com\/index.php\/a-propos-de\/#breadcrumb"},"inLanguage":"fr-FR","potentialAction":[{"@type":"ReadAction","target":["https:\/\/lopes-stconstruction.com\/index.php\/a-propos-de\/"]}]},{"@type":"BreadcrumbList","@id":"https:\/\/lopes-stconstruction.com\/index.php\/a-propos-de\/#breadcrumb","itemListElement":[{"@type":"ListItem","position":1,"name":"Accueil","item":"https:\/\/lopes-stconstruction.com\/"},{"@type":"ListItem","position":2,"name":"\u00c0 propos de"}]}]}},"_links":{"self":[{"href":"https:\/\/lopes-stconstruction.com\/index.php\/wp-json\/wp\/v2\/pages\/7"}],"collection":[{"href":"https:\/\/lopes-stconstruction.com\/index.php\/wp-json\/wp\/v2\/pages"}],"about":[{"href":"https:\/\/lopes-stconstruction.com\/index.php\/wp-json\/wp\/v2\/types\/page"}],"author":[{"embeddable":true,"href":"https:\/\/lopes-stconstruction.com\/index.php\/wp-json\/wp\/v2\/users\/1"}],"replies":[{"embeddable":true,"href":"https:\/\/lopes-stconstruction.com\/index.php\/wp-json\/wp\/v2\/comments?post=7"}],"version-history":[{"count":2,"href":"https:\/\/lopes-stconstruction.com\/index.php\/wp-json\/wp\/v2\/pages\/7\/revisions"}],"predecessor-version":[{"id":116,"href":"https:\/\/lopes-stconstruction.com\/index.php\/wp-json\/wp\/v2\/pages\/7\/revisions\/116"}],"wp:attachment":[{"href":"https:\/\/lopes-stconstruction.com\/index.php\/wp-json\/wp\/v2\/media?parent=7"}],"curies":[{"name":"wp","href":"https:\/\/api.w.org\/{rel}","templated":true}]}}